{"id":556,"date":"2023-05-24T14:43:20","date_gmt":"2023-05-24T12:43:20","guid":{"rendered":"https:\/\/www.ostellosantamonaca.com\/a-propos-de-nous\/"},"modified":"2024-02-23T11:35:28","modified_gmt":"2024-02-23T10:35:28","slug":"a-propos-de-nous","status":"publish","type":"page","link":"https:\/\/www.ostellosantamonaca.com\/fr\/a-propos-de-nous\/","title":{"rendered":"A propos de nous"},"content":{"rendered":"<div id='layer_slider_1'  class='avia-layerslider main_color avia-shadow  avia-builder-el-0  el_before_av_layerslider  avia-builder-el-first  container_wrap sidebar_right'  style='height: 351px; max-width: 1280px; margin: 0 auto;'  ><\/div>\n<div id='layer_slider_2'  class='avia-layerslider main_color avia-shadow  avia-builder-el-1  el_after_av_layerslider  el_before_av_section  slider-not-first container_wrap sidebar_right'  style='height: 501px; max-width: 900px; margin: 0 auto;'  ><\/div>\n\n<style type=\"text\/css\" data-created_by=\"avia_inline_auto\" id=\"style-css-av-li1p9now-b36bf19be8d2f3a2a760321993a5ff8c\">\n.avia-section.av-li1p9now-b36bf19be8d2f3a2a760321993a5ff8c{\nbackground-repeat:no-repeat;\nbackground-image:url(https:\/\/www.ostellosantamonaca.com\/wp-content\/uploads\/2023\/05\/00000016.jpg);\nbackground-position:50% 50%;\nbackground-attachment:scroll;\n}\n.avia-section.av-li1p9now-b36bf19be8d2f3a2a760321993a5ff8c .av-section-color-overlay{\nopacity:0.8;\nbackground-color:#01549ECF;\n}\n<\/style>\n<div id='desktop'  class='avia-section av-li1p9now-b36bf19be8d2f3a2a760321993a5ff8c main_color avia-section-small avia-no-border-styling  avia-builder-el-2  el_after_av_layerslider  el_before_av_section  av-small-hide av-mini-hide avia-full-stretch avia-bg-style-scroll av-section-color-overlay-active av-minimum-height av-minimum-height-custom av-height-custom  container_wrap sidebar_right'  data-section-bg-repeat='stretch' data-av_minimum_height_px='310'><div class=\"av-section-color-overlay-wrap\"><div class=\"av-section-color-overlay\"><\/div><div class='container av-section-cont-open' style='height:310px'><div class='template-page content  av-content-small alpha units'><div class='post-entry post-entry-type-page post-entry-556'><div class='entry-content-wrapper clearfix'>\n<section  class='av_textblock_section av-7q4go-c5401c8240571391c63def9a337cea73 '   itemscope=\"itemscope\" itemtype=\"https:\/\/schema.org\/CreativeWork\" ><div class='avia_textblock'  itemprop=\"text\" ><h2 class=\"h2style whitecolor\" style=\"text-align: center; font-size: 32px!important;\">A propos de nous<\/h2>\n<p class=\"latofont whitecolor\" style=\"text-align: center; font-size: 25px!important;\">D\u00e9couvrez notre histoire et qui nous sommes<\/p>\n<\/div><\/section>\n\n<\/div><\/div><\/div><!-- close content main div --><\/div><\/div><\/div>\n<style type=\"text\/css\" data-created_by=\"avia_inline_auto\" id=\"style-css-av-libxeo9x-778506bf6230f874b1656fe0af010918\">\n.avia-section.av-libxeo9x-778506bf6230f874b1656fe0af010918{\nbackground-repeat:no-repeat;\nbackground-image:url(https:\/\/www.ostellosantamonaca.com\/wp-content\/uploads\/2023\/05\/00000016.jpg);\nbackground-position:50% 50%;\nbackground-attachment:scroll;\n}\n.avia-section.av-libxeo9x-778506bf6230f874b1656fe0af010918 .av-section-color-overlay{\nopacity:0.8;\nbackground-color:#01549ECF;\n}\n<\/style>\n<div id='responsive'  class='avia-section av-libxeo9x-778506bf6230f874b1656fe0af010918 main_color avia-section-no-padding avia-no-border-styling  avia-builder-el-4  el_after_av_section  el_before_av_section  av-desktop-hide av-medium-hide avia-full-stretch avia-bg-style-scroll av-section-color-overlay-active av-minimum-height av-minimum-height-custom av-height-custom  container_wrap sidebar_right'  data-section-bg-repeat='stretch' data-av_minimum_height_px='250'><div class=\"av-section-color-overlay-wrap\"><div class=\"av-section-color-overlay\"><\/div><div class='container av-section-cont-open' style='height:250px'><div class='template-page content  av-content-small alpha units'><div class='post-entry post-entry-type-page post-entry-556'><div class='entry-content-wrapper clearfix'>\n<section  class='av_textblock_section av-3ou0-16cec53da9700b5925ac937d222cdfe9 '   itemscope=\"itemscope\" itemtype=\"https:\/\/schema.org\/CreativeWork\" ><div class='avia_textblock'  itemprop=\"text\" ><h2 class=\"h2style whitecolor\" style=\"text-align: center; font-size: 32px!important;\">A propos de nous<\/h2>\n<p class=\"latofont whitecolor\" style=\"text-align: center; font-size: 25px!important;\">D\u00e9couvrez notre histoire et qui nous sommes<\/p>\n<\/div><\/section>\n\n<\/div><\/div><\/div><!-- close content main div --><\/div><\/div><\/div><div id='storia'  class='avia-section av-auppc-adcaefa40f12f3131fde290c8d073a95 main_color avia-section-small avia-no-border-styling  avia-builder-el-6  el_after_av_section  el_before_av_section  avia-bg-style-scroll container_wrap sidebar_right'  ><div class='container av-section-cont-open' ><div class='template-page content  av-content-small alpha units'><div class='post-entry post-entry-type-page post-entry-556'><div class='entry-content-wrapper clearfix'>\n<div  class='flex_column av-g0kag-a949f9317c3d62542d8cb91ffd63dccd av_three_fourth  avia-builder-el-7  avia-builder-el-no-sibling  first flex_column_div  '     ><section  class='av_textblock_section av-li623aee-2b1a27ed9efefaeb0b46d4773b8fa38c '   itemscope=\"itemscope\" itemtype=\"https:\/\/schema.org\/CreativeWork\" ><div class='avia_textblock'  itemprop=\"text\" ><p class=\"titub\" style=\"text-align: left;\">Notre histoire<\/p>\n<p style=\"text-align: left;\">En 1400, dans la Via Santa Monaca le florentin Baldassarre Bonsi poss\u00e9dait un b\u00e2timent appel\u00e9 \u00abl\u2019Albergaccio\u00bb. En 1442 il fut transform\u00e9 en Couvent par Ubertin de Bardi pour l\u2019Ordre des Augustines de Santa Monica.<\/p>\n<p style=\"text-align: left;\">L\u2019<a href=\"https:\/\/www.ostellosantamonaca.com\/fr\/histoire-auberge-florence\/\">ancien monast\u00e8re<\/a> est rest\u00e9 en vie jusqu\u2019\u00e1 l\u2019\u00e9dit de Saint-Cloud (1808), apr\u00e8s quoi le b\u00e2timent a \u00e9t\u00e9 vendu en 1814 all\u2019Educatorio de la Doctrine chr\u00e9tienne, ici la premi\u00e8re \u00e9cole maternelle \u00e1 Florence fut ouverte avec la nom de \u00abasilo di carit\u00e1\u00bb. L\u2019Educatorio avait la tache de donner une instruction religieuse pour les jeunes de la paroisse; \u00e7a fut possible jusqu\u2019\u00e1 la Premi\u00e8re Guerre mondiale. Jusqu\u2019en 1948 ce fut l\u2019endroit pour faire \u00e9tudier les jeunes du quartier.<\/p>\n<p style=\"text-align: left;\">\u00c1 la suite de l\u2019inondation de Novembre 1966 \u00e7a devient le lieu de rencontres fraternelles entre les jeunes de tout le monde: les fameux \u201cAngeli del Fango\u201d, le b\u00e2timent a servi de logement pour certains groupes de scouts et d\u2019autres jeunes arriv\u00e9s pour aider Florence.<\/p>\n<p style=\"text-align: left;\">C\u2019est alors que nait l\u2019id\u00e9e des scouts florentins d\u2019avoit un lieu de rencontres entre les jeunes du monde entier, en cr\u00e9ant un Centre d\u2019Hospitalit\u00e9 internationale; depuis lors, le Couvent Santa Monaca devient une des premi\u00e8res Auberges de jeunesse de Florence.<\/p>\n<\/div><\/section><\/div><\/div><\/div><\/div><!-- close content main div --><\/div><\/div><div id='architettura'  class='avia-section av-gfgk0-f79b26b455df81bf90cc99a42f3fc34e main_color avia-section-small avia-no-border-styling  avia-builder-el-9  el_after_av_section  avia-builder-el-last  avia-bg-style-scroll container_wrap sidebar_right'  ><div class='container av-section-cont-open' ><div class='template-page content  av-content-small alpha units'><div class='post-entry post-entry-type-page post-entry-556'><div class='entry-content-wrapper clearfix'>\n<div  class='flex_column av-6z7bs-c5b6cd740ef20c5d0787a3071aa3b437 av_three_fourth  avia-builder-el-10  avia-builder-el-no-sibling  first flex_column_div  '     ><section  class='av_textblock_section av-a6hsg-e31f8377044550f35a133fe66a7a6264 '   itemscope=\"itemscope\" itemtype=\"https:\/\/schema.org\/CreativeWork\" ><div class='avia_textblock'  itemprop=\"text\" ><p class=\"titub\" style=\"text-align: left;\">Architecture<\/p>\n<p style=\"text-align: left;\">L&#8217;<a href=\"https:\/\/www.ostellosantamonaca.com\/\">Auberge Santa Monaca<\/a> est situ\u00e9e dans le centre de Florence dans le quartier de San Frediano c&#8217;est la plus ancienne auberge de Florence ; en fait, il conserve son charme d&#8217;origine des grands espaces simples et spartiates d&#8217;une \u00e9poque qui fut habit\u00e9e par de nombreux p\u00e8lerins, voyageurs, et voyageurs seuls ou en groupe.<\/p>\n<p style=\"text-align: left;\">C\u2019est le lieu id\u00e9al pour les routards, les \u00e9tudiants, les familles, les associations et pour groupes num\u00e9reux \u2013 il n\u2019y a pas de limite d\u2019\u00e2ge.<\/p>\n<p style=\"text-align: left;\">L\u2019Auberge Santa Monaca fournit de nombreux services gratuits et dispose de grandes salles communes, est l\u2019endroit id\u00e9al pour rejoindre \u00e1 pieds tous les plus importants monuments comme la Cath\u00e9drale de Santa Maria del Fiore, la Galerie des Offices, la Galerie de l\u2019Acad\u00e9mie. Il y a aussi de nombreuses lignes de bus.<\/p>\n<p style=\"text-align: left;\">L\u2019auberge offre des solutions de logement qui vont de la chambre \u00e1 2 lits aux dortoirs avec plus de 10 lits. Les dortoirs peuvent \u00eatre mixtes ou s\u00e9par\u00e9s entre filles et gar\u00e7ons. Les salles de bains sont sur chaque \u00e9tage. Y compris dans le prix lees draps, les couvertures et les serviettes pour un co\u00fbt suppl\u00e9mentaire.<\/p>\n<p style=\"text-align: left;\">Au rez de chauss\u00e9e il y a la cuisine pour les h\u00f4tes, la salle \u00e1 manger avec environ 100 places, la Salle de Conf\u00e9rence et un Auditorium situ\u00e9 dans l\u2019ancienne \u00e9glise de Santa Monaca, disponible sur demande.<\/p>\n<p style=\"text-align: left;\">L\u2019<a href=\"https:\/\/www.ostellosantamonaca.com\/\">Auberge Santa Monaca<\/a>\u00a0offre des distributeurs de boissons chaudes et froides, de snacks, des cartes postales, un petit magasin et une laverie en self-service. Nous n\u2019avons pas de parking priv\u00e9 mais \u00e1 l\u2019arriv\u00e9e il est possible de se garer en face de l\u2019Auberge pour d\u00e9poser les bagages et demander un laissez-passer de circulation pour la \u2018ZTL\u2019 (centre de la ville) en communiquant le n\u00b0 d\u2019immatriculation \u00e1 la r\u00e9ception. Il ya un parking pas trop cher \u00e1 5 minutes de l\u2019Auberge.<\/p>\n<p class=\"p1\" style=\"text-align: left;\"><span class=\"s1\">Le Staff jeune et dynamique est toujours disponible pour des informations, des conseils et des suggestions.<\/span><\/p>\n<\/div><\/section><\/div>\n<\/div><\/div><\/div><!-- close content main div --><\/div><\/div><div id='after_section_4'  class='main_color av_default_container_wrap container_wrap sidebar_right'  ><div class='container av-section-cont-open' ><div class='template-page content  av-content-small alpha units'><div class='post-entry post-entry-type-page post-entry-556'><div class='entry-content-wrapper clearfix'><\/p>\n","protected":false},"excerpt":{"rendered":"","protected":false},"author":1,"featured_media":0,"parent":0,"menu_order":0,"comment_status":"closed","ping_status":"closed","template":"","meta":{"footnotes":""},"class_list":["post-556","page","type-page","status-publish","hentry"],"yoast_head":"<!-- This site is optimized with the Yoast SEO plugin v26.6 - https:\/\/yoast.com\/wordpress\/plugins\/seo\/ -->\n<title>Auberge Santa Monaca Florence - Auberge de jeunesse<\/title>\n<meta name=\"description\" content=\"L&#039;Auberge Santa Monaca offres un h\u00e9bergement pas chers et accueillant pour les voyageurs individuels, \u00e9tudiants, familles et groupes.\" \/>\n<meta name=\"robots\" content=\"index, follow, max-snippet:-1, max-image-preview:large, max-video-preview:-1\" \/>\n<link rel=\"canonical\" href=\"https:\/\/www.ostellosantamonaca.com\/fr\/a-propos-de-nous\/\" \/>\n<meta property=\"og:locale\" content=\"fr_FR\" \/>\n<meta property=\"og:type\" content=\"article\" \/>\n<meta property=\"og:title\" content=\"Auberge Santa Monaca Florence - Auberge de jeunesse\" \/>\n<meta property=\"og:description\" content=\"L&#039;Auberge Santa Monaca offres un h\u00e9bergement pas chers et accueillant pour les voyageurs individuels, \u00e9tudiants, familles et groupes.\" \/>\n<meta property=\"og:url\" content=\"https:\/\/www.ostellosantamonaca.com\/fr\/a-propos-de-nous\/\" \/>\n<meta property=\"og:site_name\" content=\"Ostello Santa Monaca\" \/>\n<meta property=\"article:modified_time\" content=\"2024-02-23T10:35:28+00:00\" \/>\n<meta name=\"twitter:card\" content=\"summary_large_image\" \/>\n<meta name=\"twitter:label1\" content=\"Dur\u00e9e de lecture estim\u00e9e\" \/>\n\t<meta name=\"twitter:data1\" content=\"4 minutes\" \/>\n<script type=\"application\/ld+json\" class=\"yoast-schema-graph\">{\"@context\":\"https:\/\/schema.org\",\"@graph\":[{\"@type\":\"WebPage\",\"@id\":\"https:\/\/www.ostellosantamonaca.com\/fr\/a-propos-de-nous\/\",\"url\":\"https:\/\/www.ostellosantamonaca.com\/fr\/a-propos-de-nous\/\",\"name\":\"Auberge Santa Monaca Florence - Auberge de jeunesse\",\"isPartOf\":{\"@id\":\"https:\/\/www.ostellosantamonaca.com\/#website\"},\"datePublished\":\"2023-05-24T12:43:20+00:00\",\"dateModified\":\"2024-02-23T10:35:28+00:00\",\"description\":\"L'Auberge Santa Monaca offres un h\u00e9bergement pas chers et accueillant pour les voyageurs individuels, \u00e9tudiants, familles et groupes.\",\"breadcrumb\":{\"@id\":\"https:\/\/www.ostellosantamonaca.com\/fr\/a-propos-de-nous\/#breadcrumb\"},\"inLanguage\":\"fr-FR\",\"potentialAction\":[{\"@type\":\"ReadAction\",\"target\":[\"https:\/\/www.ostellosantamonaca.com\/fr\/a-propos-de-nous\/\"]}]},{\"@type\":\"BreadcrumbList\",\"@id\":\"https:\/\/www.ostellosantamonaca.com\/fr\/a-propos-de-nous\/#breadcrumb\",\"itemListElement\":[{\"@type\":\"ListItem\",\"position\":1,\"name\":\"Home\",\"item\":\"https:\/\/www.ostellosantamonaca.com\/fr\/\"},{\"@type\":\"ListItem\",\"position\":2,\"name\":\"A propos de nous\"}]},{\"@type\":\"WebSite\",\"@id\":\"https:\/\/www.ostellosantamonaca.com\/#website\",\"url\":\"https:\/\/www.ostellosantamonaca.com\/\",\"name\":\"Ostello Santa Monaca\",\"description\":\"\",\"potentialAction\":[{\"@type\":\"SearchAction\",\"target\":{\"@type\":\"EntryPoint\",\"urlTemplate\":\"https:\/\/www.ostellosantamonaca.com\/?s={search_term_string}\"},\"query-input\":{\"@type\":\"PropertyValueSpecification\",\"valueRequired\":true,\"valueName\":\"search_term_string\"}}],\"inLanguage\":\"fr-FR\"}]}<\/script>\n<!-- \/ Yoast SEO plugin. -->","yoast_head_json":{"title":"Auberge Santa Monaca Florence - Auberge de jeunesse","description":"L'Auberge Santa Monaca offres un h\u00e9bergement pas chers et accueillant pour les voyageurs individuels, \u00e9tudiants, familles et groupes.","robots":{"index":"index","follow":"follow","max-snippet":"max-snippet:-1","max-image-preview":"max-image-preview:large","max-video-preview":"max-video-preview:-1"},"canonical":"https:\/\/www.ostellosantamonaca.com\/fr\/a-propos-de-nous\/","og_locale":"fr_FR","og_type":"article","og_title":"Auberge Santa Monaca Florence - Auberge de jeunesse","og_description":"L'Auberge Santa Monaca offres un h\u00e9bergement pas chers et accueillant pour les voyageurs individuels, \u00e9tudiants, familles et groupes.","og_url":"https:\/\/www.ostellosantamonaca.com\/fr\/a-propos-de-nous\/","og_site_name":"Ostello Santa Monaca","article_modified_time":"2024-02-23T10:35:28+00:00","twitter_card":"summary_large_image","twitter_misc":{"Dur\u00e9e de lecture estim\u00e9e":"4 minutes"},"schema":{"@context":"https:\/\/schema.org","@graph":[{"@type":"WebPage","@id":"https:\/\/www.ostellosantamonaca.com\/fr\/a-propos-de-nous\/","url":"https:\/\/www.ostellosantamonaca.com\/fr\/a-propos-de-nous\/","name":"Auberge Santa Monaca Florence - Auberge de jeunesse","isPartOf":{"@id":"https:\/\/www.ostellosantamonaca.com\/#website"},"datePublished":"2023-05-24T12:43:20+00:00","dateModified":"2024-02-23T10:35:28+00:00","description":"L'Auberge Santa Monaca offres un h\u00e9bergement pas chers et accueillant pour les voyageurs individuels, \u00e9tudiants, familles et groupes.","breadcrumb":{"@id":"https:\/\/www.ostellosantamonaca.com\/fr\/a-propos-de-nous\/#breadcrumb"},"inLanguage":"fr-FR","potentialAction":[{"@type":"ReadAction","target":["https:\/\/www.ostellosantamonaca.com\/fr\/a-propos-de-nous\/"]}]},{"@type":"BreadcrumbList","@id":"https:\/\/www.ostellosantamonaca.com\/fr\/a-propos-de-nous\/#breadcrumb","itemListElement":[{"@type":"ListItem","position":1,"name":"Home","item":"https:\/\/www.ostellosantamonaca.com\/fr\/"},{"@type":"ListItem","position":2,"name":"A propos de nous"}]},{"@type":"WebSite","@id":"https:\/\/www.ostellosantamonaca.com\/#website","url":"https:\/\/www.ostellosantamonaca.com\/","name":"Ostello Santa Monaca","description":"","potentialAction":[{"@type":"SearchAction","target":{"@type":"EntryPoint","urlTemplate":"https:\/\/www.ostellosantamonaca.com\/?s={search_term_string}"},"query-input":{"@type":"PropertyValueSpecification","valueRequired":true,"valueName":"search_term_string"}}],"inLanguage":"fr-FR"}]}},"_links":{"self":[{"href":"https:\/\/www.ostellosantamonaca.com\/fr\/wp-json\/wp\/v2\/pages\/556","targetHints":{"allow":["GET"]}}],"collection":[{"href":"https:\/\/www.ostellosantamonaca.com\/fr\/wp-json\/wp\/v2\/pages"}],"about":[{"href":"https:\/\/www.ostellosantamonaca.com\/fr\/wp-json\/wp\/v2\/types\/page"}],"author":[{"embeddable":true,"href":"https:\/\/www.ostellosantamonaca.com\/fr\/wp-json\/wp\/v2\/users\/1"}],"replies":[{"embeddable":true,"href":"https:\/\/www.ostellosantamonaca.com\/fr\/wp-json\/wp\/v2\/comments?post=556"}],"version-history":[{"count":5,"href":"https:\/\/www.ostellosantamonaca.com\/fr\/wp-json\/wp\/v2\/pages\/556\/revisions"}],"predecessor-version":[{"id":808,"href":"https:\/\/www.ostellosantamonaca.com\/fr\/wp-json\/wp\/v2\/pages\/556\/revisions\/808"}],"wp:attachment":[{"href":"https:\/\/www.ostellosantamonaca.com\/fr\/wp-json\/wp\/v2\/media?parent=556"}],"curies":[{"name":"wp","href":"https:\/\/api.w.org\/{rel}","templated":true}]}}