{"id":562,"date":"2023-05-24T15:36:41","date_gmt":"2023-05-24T13:36:41","guid":{"rendered":"https:\/\/www.ostellosantamonaca.com\/ou-sommes-nous\/"},"modified":"2023-06-07T14:30:32","modified_gmt":"2023-06-07T12:30:32","slug":"ou-sommes-nous","status":"publish","type":"page","link":"https:\/\/www.ostellosantamonaca.com\/fr\/ou-sommes-nous\/","title":{"rendered":"Ou sommes nous"},"content":{"rendered":"<div id='layer_slider_1'  class='avia-layerslider main_color avia-shadow  avia-builder-el-0  el_before_av_layerslider  avia-builder-el-first  container_wrap sidebar_right'  style='height: 351px; max-width: 1280px; margin: 0 auto;'  ><\/div>\n<div id='layer_slider_2'  class='avia-layerslider main_color avia-shadow  avia-builder-el-1  el_after_av_layerslider  el_before_av_section  slider-not-first container_wrap sidebar_right'  style='height: 501px; max-width: 900px; margin: 0 auto;'  ><\/div>\n\n<style type=\"text\/css\" data-created_by=\"avia_inline_auto\" id=\"style-css-av-psdb-0c587fafc38988848c8bde87c8168535\">\n.avia-section.av-psdb-0c587fafc38988848c8bde87c8168535{\nbackground-repeat:no-repeat;\nbackground-image:url(https:\/\/www.ostellosantamonaca.com\/wp-content\/uploads\/2023\/05\/00000016.jpg);\nbackground-position:50% 50%;\nbackground-attachment:scroll;\n}\n.avia-section.av-psdb-0c587fafc38988848c8bde87c8168535 .av-section-color-overlay{\nopacity:0.8;\nbackground-color:#01549ECF;\n}\n<\/style>\n<div id='desktop'  class='avia-section av-psdb-0c587fafc38988848c8bde87c8168535 main_color avia-section-small avia-no-border-styling  avia-builder-el-2  el_after_av_layerslider  el_before_av_section  av-small-hide av-mini-hide avia-full-stretch avia-bg-style-scroll av-section-color-overlay-active av-minimum-height av-minimum-height-custom av-height-custom  container_wrap sidebar_right'  data-section-bg-repeat='stretch' data-av_minimum_height_px='310'><div class=\"av-section-color-overlay-wrap\"><div class=\"av-section-color-overlay\"><\/div><div class='container av-section-cont-open' style='height:310px'><div class='template-page content  av-content-small alpha units'><div class='post-entry post-entry-type-page post-entry-562'><div class='entry-content-wrapper clearfix'>\n<section  class='av_textblock_section av-li1r3w38-1dd8ae3ed2083cdd849e8247abc1b44d '   itemscope=\"itemscope\" itemtype=\"https:\/\/schema.org\/CreativeWork\" ><div class='avia_textblock'  itemprop=\"text\" ><h2 class=\"h2style whitecolor\" style=\"text-align: center; font-size: 32px!important;\">Ou sommes nous<\/h2>\n<p class=\"latofont whitecolor\" style=\"text-align: center; font-size: 25px!important;\">Comment rejoindre l&#8217;auberge depuis les principales gares florentines<\/p>\n<\/div><\/section>\n\n<\/div><\/div><\/div><!-- close content main div --><\/div><\/div><\/div>\n<style type=\"text\/css\" data-created_by=\"avia_inline_auto\" id=\"style-css-av-lid9llje-a3ef3b7dc4624b61198bce6350ba021b\">\n.avia-section.av-lid9llje-a3ef3b7dc4624b61198bce6350ba021b{\nbackground-repeat:no-repeat;\nbackground-image:url(https:\/\/www.ostellosantamonaca.com\/wp-content\/uploads\/2023\/05\/00000016.jpg);\nbackground-position:50% 50%;\nbackground-attachment:scroll;\n}\n.avia-section.av-lid9llje-a3ef3b7dc4624b61198bce6350ba021b .av-section-color-overlay{\nopacity:0.8;\nbackground-color:#01549ECF;\n}\n<\/style>\n<div id='responsive'  class='avia-section av-lid9llje-a3ef3b7dc4624b61198bce6350ba021b main_color avia-section-small avia-no-border-styling  avia-builder-el-4  el_after_av_section  el_before_av_three_fourth  av-desktop-hide av-medium-hide avia-full-stretch avia-bg-style-scroll av-section-color-overlay-active av-minimum-height av-minimum-height-custom av-height-custom  container_wrap sidebar_right'  data-section-bg-repeat='stretch' data-av_minimum_height_px='250'><div class=\"av-section-color-overlay-wrap\"><div class=\"av-section-color-overlay\"><\/div><div class='container av-section-cont-open' style='height:250px'><div class='template-page content  av-content-small alpha units'><div class='post-entry post-entry-type-page post-entry-562'><div class='entry-content-wrapper clearfix'>\n<section  class='av_textblock_section av-a6mqi-e67d1c5afd5ddbf41bdb86e79d29cb43 '   itemscope=\"itemscope\" itemtype=\"https:\/\/schema.org\/CreativeWork\" ><div class='avia_textblock'  itemprop=\"text\" ><h2 class=\"h2style whitecolor\" style=\"text-align: center; font-size: 32px!important;\">Ou sommes nous<\/h2>\n<p class=\"latofont whitecolor\" style=\"text-align: center; font-size: 25px!important;\">Comment rejoindre l&#8217;auberge depuis les principales gares florentines<\/p>\n<\/div><\/section>\n<\/div><\/div><\/div><!-- close content main div --><\/div><\/div><\/div><div id='after_section_2'  class='main_color av_default_container_wrap container_wrap sidebar_right'  ><div class='container av-section-cont-open' ><div class='template-page content  av-content-small alpha units'><div class='post-entry post-entry-type-page post-entry-562'><div class='entry-content-wrapper clearfix'>\n<div  class='flex_column av-6nlwf-9fda944e84c53df2b40fee61664128b1 av_three_fourth  avia-builder-el-6  el_after_av_section  el_before_av_layout_row  avia-builder-el-no-sibling  first flex_column_div  '     ><section  class='av_textblock_section av-li1sbd0c-e3fb4fb20c393c990bcca4565eecb702 '   itemscope=\"itemscope\" itemtype=\"https:\/\/schema.org\/CreativeWork\" ><div class='avia_textblock'  itemprop=\"text\" ><p style=\"text-align: left;\">L\u2019auberge est situ\u00e9e dans \u201cl\u2019Oltrarno\u201d \u2013 Via Santa Monaca n\u00b0 6 \u2013 entre les quartiers de Santo Spirito et San Frediano dans le centre historique de Florence. Gr\u00e2ce \u00e0 sa position centrale on peut rejoindre facilement l\u2019Auberge.<\/p>\n<p class=\"titub\" style=\"text-align: left;\">De la gare de Santa Maria Novella<\/p>\n<p style=\"text-align: left;\">De la gare principale\u00a0<strong>Santa Maria Novella<\/strong>, vous pouvez rejoindre l\u2019auberge en environ 15\/20 minutes ou tout simplement prendre le bus Ataf n. 11 et descendre au deuxi\u00e8me arr\u00eat apr\u00e8s le pont\u00a0(<strong>SERRAGLI \u2013 HOSTEL SANTA MONACA<\/strong>), ou Ataf bus n. 6, 36, 37 et descendre au premier arr\u00eat (<strong>PESCAIA DI SANTA ROSA<\/strong>) apr\u00e8s le pont lorsque le bus tourne \u00e0 droite.\u2028Revenez \u00e0 la Gelateria La Carraia puis descendez Via dei Serragli au deuxi\u00e8me feu et tournez \u00e0 droite dans Via Santa Monaca.<\/p>\n<p style=\"text-align: left;\">\u00c0 pied, vous trouvez Piazza Santa Maria Novella \u00e0 proximit\u00e9 de la gare principale. Marcher jusqu\u2019\u00e0 la rivi\u00e8re Arno en passant par Via de Fossi. Traversez le pont\u00a0\u201c<strong>CARRAIA<\/strong>\u201d\u00a0et continuez tout droit au deuxi\u00e8me feu (\u00e0 environ 200 m du pont) puis tournez \u00e0 droite dans Via Santa Monaca. Nous sommes au num\u00e9ro 6. V\u00e9rifiez \u00e9galement les signes indiquant\u00a0\u2018<strong>HOSTEL<\/strong>\u2019\u00a0apr\u00e8s le pont.<\/p>\n<p class=\"titub\" style=\"text-align: left;\">De la gare Firenze Campo Di Marte<\/p>\n<p style=\"text-align: left;\">Si vous arrivez \u00e0 Florence par la gare de\u00a0\u2018<strong>Campo di Marte<\/strong>\u2019\u00a0vous pouvez prendre le bus n. 12 jusqu\u2019\u00e0 la gare centrale\u00a0<strong>Santa Maria Novella<\/strong>\u00a0et suivez les instructions ci-dessus.<\/p>\n<\/div><\/section><\/div><\/div><\/div><\/div><!-- close content main div --><\/div><\/div><div id='av-layout-grid-1'  class='av-layout-grid-container av-haosn-ce8f98e5df6112e8d1ce362ff44f11da entry-content-wrapper main_color av-flex-cells  avia-builder-el-8  el_after_av_three_fourth  avia-builder-el-last  grid-row-not-first  container_wrap sidebar_right'  >\n\n<style type=\"text\/css\" data-created_by=\"avia_inline_auto\" id=\"style-css-av-12r6v-3b4cc56f3ee90ab2d7827ea4c4f0e1be\">\n.flex_cell.av-12r6v-3b4cc56f3ee90ab2d7827ea4c4f0e1be{\nvertical-align:top;\n}\n.responsive #top #wrap_all .flex_cell.av-12r6v-3b4cc56f3ee90ab2d7827ea4c4f0e1be{\npadding:0px 0px 0px 0px !important;\n}\n<\/style>\n<div class='flex_cell av-12r6v-3b4cc56f3ee90ab2d7827ea4c4f0e1be av-gridrow-cell av_one_full no_margin  avia-builder-el-9  avia-builder-el-no-sibling  av-zero-padding' ><div class='flex_cell_inner'>\n<\/div><\/div>\n<\/div><\/p>\n","protected":false},"excerpt":{"rendered":"","protected":false},"author":1,"featured_media":0,"parent":0,"menu_order":0,"comment_status":"closed","ping_status":"closed","template":"","meta":{"footnotes":""},"class_list":["post-562","page","type-page","status-publish","hentry"],"yoast_head":"<!-- This site is optimized with the Yoast SEO plugin v26.6 - https:\/\/yoast.com\/wordpress\/plugins\/seo\/ -->\n<title>Santa Monaca Auberge \u00e0 Florence - Ou sommes nous<\/title>\n<meta name=\"description\" content=\"L&#039;Auberge Santa Monaca se trouve dans le centre de Florence dans un ancien couvent du XVe si\u00e8cle. Auberge id\u00e9ale pour \u00e9tudiants et groupes.\" \/>\n<meta name=\"robots\" content=\"index, follow, max-snippet:-1, max-image-preview:large, max-video-preview:-1\" \/>\n<link rel=\"canonical\" href=\"https:\/\/www.ostellosantamonaca.com\/fr\/ou-sommes-nous\/\" \/>\n<meta property=\"og:locale\" content=\"fr_FR\" \/>\n<meta property=\"og:type\" content=\"article\" \/>\n<meta property=\"og:title\" content=\"Santa Monaca Auberge \u00e0 Florence - Ou sommes nous\" \/>\n<meta property=\"og:description\" content=\"L&#039;Auberge Santa Monaca se trouve dans le centre de Florence dans un ancien couvent du XVe si\u00e8cle. Auberge id\u00e9ale pour \u00e9tudiants et groupes.\" \/>\n<meta property=\"og:url\" content=\"https:\/\/www.ostellosantamonaca.com\/fr\/ou-sommes-nous\/\" \/>\n<meta property=\"og:site_name\" content=\"Ostello Santa Monaca\" \/>\n<meta property=\"article:modified_time\" content=\"2023-06-07T12:30:32+00:00\" \/>\n<meta name=\"twitter:card\" content=\"summary_large_image\" \/>\n<meta name=\"twitter:label1\" content=\"Dur\u00e9e de lecture estim\u00e9e\" \/>\n\t<meta name=\"twitter:data1\" content=\"5 minutes\" \/>\n<script type=\"application\/ld+json\" class=\"yoast-schema-graph\">{\"@context\":\"https:\/\/schema.org\",\"@graph\":[{\"@type\":\"WebPage\",\"@id\":\"https:\/\/www.ostellosantamonaca.com\/fr\/ou-sommes-nous\/\",\"url\":\"https:\/\/www.ostellosantamonaca.com\/fr\/ou-sommes-nous\/\",\"name\":\"Santa Monaca Auberge \u00e0 Florence - Ou sommes nous\",\"isPartOf\":{\"@id\":\"https:\/\/www.ostellosantamonaca.com\/#website\"},\"datePublished\":\"2023-05-24T13:36:41+00:00\",\"dateModified\":\"2023-06-07T12:30:32+00:00\",\"description\":\"L'Auberge Santa Monaca se trouve dans le centre de Florence dans un ancien couvent du XVe si\u00e8cle. Auberge id\u00e9ale pour \u00e9tudiants et groupes.\",\"breadcrumb\":{\"@id\":\"https:\/\/www.ostellosantamonaca.com\/fr\/ou-sommes-nous\/#breadcrumb\"},\"inLanguage\":\"fr-FR\",\"potentialAction\":[{\"@type\":\"ReadAction\",\"target\":[\"https:\/\/www.ostellosantamonaca.com\/fr\/ou-sommes-nous\/\"]}]},{\"@type\":\"BreadcrumbList\",\"@id\":\"https:\/\/www.ostellosantamonaca.com\/fr\/ou-sommes-nous\/#breadcrumb\",\"itemListElement\":[{\"@type\":\"ListItem\",\"position\":1,\"name\":\"Home\",\"item\":\"https:\/\/www.ostellosantamonaca.com\/fr\/\"},{\"@type\":\"ListItem\",\"position\":2,\"name\":\"Ou sommes nous\"}]},{\"@type\":\"WebSite\",\"@id\":\"https:\/\/www.ostellosantamonaca.com\/#website\",\"url\":\"https:\/\/www.ostellosantamonaca.com\/\",\"name\":\"Ostello Santa Monaca\",\"description\":\"\",\"potentialAction\":[{\"@type\":\"SearchAction\",\"target\":{\"@type\":\"EntryPoint\",\"urlTemplate\":\"https:\/\/www.ostellosantamonaca.com\/?s={search_term_string}\"},\"query-input\":{\"@type\":\"PropertyValueSpecification\",\"valueRequired\":true,\"valueName\":\"search_term_string\"}}],\"inLanguage\":\"fr-FR\"}]}<\/script>\n<!-- \/ Yoast SEO plugin. -->","yoast_head_json":{"title":"Santa Monaca Auberge \u00e0 Florence - Ou sommes nous","description":"L'Auberge Santa Monaca se trouve dans le centre de Florence dans un ancien couvent du XVe si\u00e8cle. Auberge id\u00e9ale pour \u00e9tudiants et groupes.","robots":{"index":"index","follow":"follow","max-snippet":"max-snippet:-1","max-image-preview":"max-image-preview:large","max-video-preview":"max-video-preview:-1"},"canonical":"https:\/\/www.ostellosantamonaca.com\/fr\/ou-sommes-nous\/","og_locale":"fr_FR","og_type":"article","og_title":"Santa Monaca Auberge \u00e0 Florence - Ou sommes nous","og_description":"L'Auberge Santa Monaca se trouve dans le centre de Florence dans un ancien couvent du XVe si\u00e8cle. Auberge id\u00e9ale pour \u00e9tudiants et groupes.","og_url":"https:\/\/www.ostellosantamonaca.com\/fr\/ou-sommes-nous\/","og_site_name":"Ostello Santa Monaca","article_modified_time":"2023-06-07T12:30:32+00:00","twitter_card":"summary_large_image","twitter_misc":{"Dur\u00e9e de lecture estim\u00e9e":"5 minutes"},"schema":{"@context":"https:\/\/schema.org","@graph":[{"@type":"WebPage","@id":"https:\/\/www.ostellosantamonaca.com\/fr\/ou-sommes-nous\/","url":"https:\/\/www.ostellosantamonaca.com\/fr\/ou-sommes-nous\/","name":"Santa Monaca Auberge \u00e0 Florence - Ou sommes nous","isPartOf":{"@id":"https:\/\/www.ostellosantamonaca.com\/#website"},"datePublished":"2023-05-24T13:36:41+00:00","dateModified":"2023-06-07T12:30:32+00:00","description":"L'Auberge Santa Monaca se trouve dans le centre de Florence dans un ancien couvent du XVe si\u00e8cle. Auberge id\u00e9ale pour \u00e9tudiants et groupes.","breadcrumb":{"@id":"https:\/\/www.ostellosantamonaca.com\/fr\/ou-sommes-nous\/#breadcrumb"},"inLanguage":"fr-FR","potentialAction":[{"@type":"ReadAction","target":["https:\/\/www.ostellosantamonaca.com\/fr\/ou-sommes-nous\/"]}]},{"@type":"BreadcrumbList","@id":"https:\/\/www.ostellosantamonaca.com\/fr\/ou-sommes-nous\/#breadcrumb","itemListElement":[{"@type":"ListItem","position":1,"name":"Home","item":"https:\/\/www.ostellosantamonaca.com\/fr\/"},{"@type":"ListItem","position":2,"name":"Ou sommes nous"}]},{"@type":"WebSite","@id":"https:\/\/www.ostellosantamonaca.com\/#website","url":"https:\/\/www.ostellosantamonaca.com\/","name":"Ostello Santa Monaca","description":"","potentialAction":[{"@type":"SearchAction","target":{"@type":"EntryPoint","urlTemplate":"https:\/\/www.ostellosantamonaca.com\/?s={search_term_string}"},"query-input":{"@type":"PropertyValueSpecification","valueRequired":true,"valueName":"search_term_string"}}],"inLanguage":"fr-FR"}]}},"_links":{"self":[{"href":"https:\/\/www.ostellosantamonaca.com\/fr\/wp-json\/wp\/v2\/pages\/562","targetHints":{"allow":["GET"]}}],"collection":[{"href":"https:\/\/www.ostellosantamonaca.com\/fr\/wp-json\/wp\/v2\/pages"}],"about":[{"href":"https:\/\/www.ostellosantamonaca.com\/fr\/wp-json\/wp\/v2\/types\/page"}],"author":[{"embeddable":true,"href":"https:\/\/www.ostellosantamonaca.com\/fr\/wp-json\/wp\/v2\/users\/1"}],"replies":[{"embeddable":true,"href":"https:\/\/www.ostellosantamonaca.com\/fr\/wp-json\/wp\/v2\/comments?post=562"}],"version-history":[{"count":4,"href":"https:\/\/www.ostellosantamonaca.com\/fr\/wp-json\/wp\/v2\/pages\/562\/revisions"}],"predecessor-version":[{"id":602,"href":"https:\/\/www.ostellosantamonaca.com\/fr\/wp-json\/wp\/v2\/pages\/562\/revisions\/602"}],"wp:attachment":[{"href":"https:\/\/www.ostellosantamonaca.com\/fr\/wp-json\/wp\/v2\/media?parent=562"}],"curies":[{"name":"wp","href":"https:\/\/api.w.org\/{rel}","templated":true}]}}