{"id":576,"date":"2023-05-26T17:01:14","date_gmt":"2023-05-26T15:01:14","guid":{"rendered":"https:\/\/www.ostellosantamonaca.com\/nouvelles\/"},"modified":"2023-06-07T14:44:10","modified_gmt":"2023-06-07T12:44:10","slug":"nouvelles","status":"publish","type":"page","link":"https:\/\/www.ostellosantamonaca.com\/fr\/nouvelles\/","title":{"rendered":"Nouvelles"},"content":{"rendered":"<div id='layer_slider_1'  class='avia-layerslider main_color avia-shadow  avia-builder-el-0  el_before_av_layerslider  avia-builder-el-first  container_wrap sidebar_right'  style='height: 351px; max-width: 1280px; margin: 0 auto;'  ><\/div>\n<div id='layer_slider_2'  class='avia-layerslider main_color avia-shadow  avia-builder-el-1  el_after_av_layerslider  el_before_av_section  slider-not-first container_wrap sidebar_right'  style='height: 501px; max-width: 900px; margin: 0 auto;'  ><\/div>\n\n<style type=\"text\/css\" data-created_by=\"avia_inline_auto\" id=\"style-css-av-7t6xw-59f0acd25d18cbf6fd4003ef841989b8\">\n.avia-section.av-7t6xw-59f0acd25d18cbf6fd4003ef841989b8{\nbackground-repeat:no-repeat;\nbackground-image:url(https:\/\/www.ostellosantamonaca.com\/wp-content\/uploads\/2023\/05\/00000016.jpg);\nbackground-position:50% 50%;\nbackground-attachment:scroll;\n}\n.avia-section.av-7t6xw-59f0acd25d18cbf6fd4003ef841989b8 .av-section-color-overlay{\nopacity:0.8;\nbackground-color:#01549ECF;\n}\n<\/style>\n<div id='desktop'  class='avia-section av-7t6xw-59f0acd25d18cbf6fd4003ef841989b8 main_color avia-section-small avia-no-border-styling  avia-builder-el-2  el_after_av_layerslider  el_before_av_section  av-small-hide av-mini-hide avia-full-stretch avia-bg-style-scroll av-section-color-overlay-active av-minimum-height av-minimum-height-custom av-height-custom  container_wrap sidebar_right'  data-section-bg-repeat='stretch' data-av_minimum_height_px='310'><div class=\"av-section-color-overlay-wrap\"><div class=\"av-section-color-overlay\"><\/div><div class='container av-section-cont-open' style='height:310px'><div class='template-page content  av-content-small alpha units'><div class='post-entry post-entry-type-page post-entry-576'><div class='entry-content-wrapper clearfix'>\n<section  class='av_textblock_section av-li4p02xj-6e8a3e60132c97aac0441855e3e833dc '   itemscope=\"itemscope\" itemtype=\"https:\/\/schema.org\/CreativeWork\" ><div class='avia_textblock'  itemprop=\"text\" ><h2 class=\"h2style whitecolor\" style=\"text-align: center; font-size: 32px!important;\">Nouvelles<\/h2>\n<p class=\"latofont whitecolor\" style=\"text-align: center; font-size: 25px!important;\">L&#8217;actualit\u00e9 de Florence<\/p>\n<\/div><\/section>\n\n<\/div><\/div><\/div><!-- close content main div --><\/div><\/div><\/div>\n<style type=\"text\/css\" data-created_by=\"avia_inline_auto\" id=\"style-css-av-lida7lhm-1528df9fc909b11e6207ceeb9911bd28\">\n.avia-section.av-lida7lhm-1528df9fc909b11e6207ceeb9911bd28{\nbackground-repeat:no-repeat;\nbackground-image:url(https:\/\/www.ostellosantamonaca.com\/wp-content\/uploads\/2023\/05\/00000016.jpg);\nbackground-position:50% 50%;\nbackground-attachment:scroll;\n}\n.avia-section.av-lida7lhm-1528df9fc909b11e6207ceeb9911bd28 .av-section-color-overlay{\nopacity:0.8;\nbackground-color:#01549ECF;\n}\n<\/style>\n<div id='responsive'  class='avia-section av-lida7lhm-1528df9fc909b11e6207ceeb9911bd28 main_color avia-section-small avia-no-border-styling  avia-builder-el-4  el_after_av_section  el_before_av_section  av-desktop-hide av-medium-hide avia-full-stretch avia-bg-style-scroll av-section-color-overlay-active av-minimum-height av-minimum-height-custom av-height-custom  container_wrap sidebar_right'  data-section-bg-repeat='stretch' data-av_minimum_height_px='250'><div class=\"av-section-color-overlay-wrap\"><div class=\"av-section-color-overlay\"><\/div><div class='container av-section-cont-open' style='height:250px'><div class='template-page content  av-content-small alpha units'><div class='post-entry post-entry-type-page post-entry-576'><div class='entry-content-wrapper clearfix'>\n<section  class='av_textblock_section av-anr2k-d4877396df1dd379cfcb20d35ad69dee '   itemscope=\"itemscope\" itemtype=\"https:\/\/schema.org\/CreativeWork\" ><div class='avia_textblock'  itemprop=\"text\" ><h2 class=\"h2style whitecolor\" style=\"text-align: center; font-size: 32px!important;\">Nouvelles<\/h2>\n<p class=\"latofont whitecolor\" style=\"text-align: center; font-size: 25px!important;\">L&#8217;actualit\u00e9 de Florence<\/p>\n<\/div><\/section>\n\n<\/div><\/div><\/div><!-- close content main div --><\/div><\/div><\/div><div id='av_section_3'  class='avia-section av-16bek-6cc79d62e5108842c8ef7f234463c5f0 main_color avia-section-default avia-no-border-styling  avia-builder-el-6  el_after_av_section  el_before_av_section  avia-bg-style-scroll container_wrap sidebar_right'  ><div class='container av-section-cont-open' ><div class='template-page content  av-content-small alpha units'><div class='post-entry post-entry-type-page post-entry-576'><div class='entry-content-wrapper clearfix'>\n<section  class='av_textblock_section av-li4r33rk-05ccb28a7dd3469c2ea9e8945d440551 '   itemscope=\"itemscope\" itemtype=\"https:\/\/schema.org\/CreativeWork\" ><div class='avia_textblock'  itemprop=\"text\" ><p class=\"titnews\" style=\"text-align: center;\">Nouvelles<\/p>\n<\/div><\/section>\n\n<div  class='avia-button-wrap av-li5zurzt-c7d8d3afc18f70538831738f680f1999-wrap avia-button-center  avia-builder-el-9  el_after_av_postslider  avia-builder-el-last '>\n<style type=\"text\/css\" data-created_by=\"avia_inline_auto\" id=\"style-css-av-li5zurzt-c7d8d3afc18f70538831738f680f1999\">\n#top #wrap_all .avia-button.av-li5zurzt-c7d8d3afc18f70538831738f680f1999{\nmargin:10px 0 0 0;\n}\n<\/style>\n<a href=''  class='avia-button av-li5zurzt-c7d8d3afc18f70538831738f680f1999 avia-icon_select-no avia-size-medium avia-position-center avia-color-theme-color'  ><span class='avia_iconbox_title' >Voir toutes les actualit\u00e9s<\/span><\/a><\/div>\n\n<\/div><\/div><\/div><!-- close content main div --><\/div><\/div><div id='av_section_4'  class='avia-section av-dzb30-bf360cc5e6ce75503c505b420c2774bf main_color avia-section-default avia-no-border-styling  avia-builder-el-10  el_after_av_section  avia-builder-el-last  avia-bg-style-scroll container_wrap sidebar_right'  ><div class='container av-section-cont-open' ><div class='template-page content  av-content-small alpha units'><div class='post-entry post-entry-type-page post-entry-576'><div class='entry-content-wrapper clearfix'>\n<section  class='av_textblock_section av-li5zq8we-6a72db18c6413069734b33e0f3a3e0e7 '   itemscope=\"itemscope\" itemtype=\"https:\/\/schema.org\/CreativeWork\" ><div class='avia_textblock'  itemprop=\"text\" ><p class=\"titnews\" style=\"text-align: center;\">Offres sp\u00e9ciales<\/p>\n<\/div><\/section>\n\n<div  class='avia-button-wrap av-a037w-5a6aad13cecd54febcf076a3425509ed-wrap avia-button-center  avia-builder-el-13  el_after_av_postslider  avia-builder-el-last '>\n<style type=\"text\/css\" data-created_by=\"avia_inline_auto\" id=\"style-css-av-a037w-5a6aad13cecd54febcf076a3425509ed\">\n#top #wrap_all .avia-button.av-a037w-5a6aad13cecd54febcf076a3425509ed{\nmargin:10px 0 0 0;\n}\n<\/style>\n<a href=''  class='avia-button av-a037w-5a6aad13cecd54febcf076a3425509ed avia-icon_select-no avia-size-medium avia-position-center avia-color-theme-color'  ><span class='avia_iconbox_title' >Voir toutes les actualit\u00e9s<\/span><\/a><\/div>\n<\/div><\/div><\/div><!-- close content main div --><\/div><\/div><div id='after_section_4'  class='main_color av_default_container_wrap container_wrap sidebar_right'  ><div class='container av-section-cont-open' ><div class='template-page content  av-content-small alpha units'><div class='post-entry post-entry-type-page post-entry-576'><div class='entry-content-wrapper clearfix'>\n","protected":false},"excerpt":{"rendered":"","protected":false},"author":1,"featured_media":0,"parent":0,"menu_order":0,"comment_status":"closed","ping_status":"closed","template":"","meta":{"footnotes":""},"class_list":["post-576","page","type-page","status-publish","hentry"],"yoast_head":"<!-- This site is optimized with the Yoast SEO plugin v26.6 - https:\/\/yoast.com\/wordpress\/plugins\/seo\/ -->\n<title>Auberge de Jeunesse Santa Monaca \u00e0 Florence - Nouvelles<\/title>\n<meta name=\"description\" content=\"Les nouvelles de l&#039;auberge de jeunesse Santa Monaca \u00e0 Florence. \u00c9v\u00e9nements, nouvelles, histoire, expositions \u00e0 et autour de Florence.\" \/>\n<meta name=\"robots\" content=\"index, follow, max-snippet:-1, max-image-preview:large, max-video-preview:-1\" \/>\n<link rel=\"canonical\" href=\"https:\/\/www.ostellosantamonaca.com\/fr\/nouvelles\/\" \/>\n<meta property=\"og:locale\" content=\"fr_FR\" \/>\n<meta property=\"og:type\" content=\"article\" \/>\n<meta property=\"og:title\" content=\"Auberge de Jeunesse Santa Monaca \u00e0 Florence - Nouvelles\" \/>\n<meta property=\"og:description\" content=\"Les nouvelles de l&#039;auberge de jeunesse Santa Monaca \u00e0 Florence. \u00c9v\u00e9nements, nouvelles, histoire, expositions \u00e0 et autour de Florence.\" \/>\n<meta property=\"og:url\" content=\"https:\/\/www.ostellosantamonaca.com\/fr\/nouvelles\/\" \/>\n<meta property=\"og:site_name\" content=\"Ostello Santa Monaca\" \/>\n<meta property=\"article:modified_time\" content=\"2023-06-07T12:44:10+00:00\" \/>\n<meta name=\"twitter:card\" content=\"summary_large_image\" \/>\n<meta name=\"twitter:label1\" content=\"Dur\u00e9e de lecture estim\u00e9e\" \/>\n\t<meta name=\"twitter:data1\" content=\"5 minutes\" \/>\n<script type=\"application\/ld+json\" class=\"yoast-schema-graph\">{\"@context\":\"https:\/\/schema.org\",\"@graph\":[{\"@type\":\"WebPage\",\"@id\":\"https:\/\/www.ostellosantamonaca.com\/fr\/nouvelles\/\",\"url\":\"https:\/\/www.ostellosantamonaca.com\/fr\/nouvelles\/\",\"name\":\"Auberge de Jeunesse Santa Monaca \u00e0 Florence - Nouvelles\",\"isPartOf\":{\"@id\":\"https:\/\/www.ostellosantamonaca.com\/#website\"},\"datePublished\":\"2023-05-26T15:01:14+00:00\",\"dateModified\":\"2023-06-07T12:44:10+00:00\",\"description\":\"Les nouvelles de l'auberge de jeunesse Santa Monaca \u00e0 Florence. \u00c9v\u00e9nements, nouvelles, histoire, expositions \u00e0 et autour de Florence.\",\"breadcrumb\":{\"@id\":\"https:\/\/www.ostellosantamonaca.com\/fr\/nouvelles\/#breadcrumb\"},\"inLanguage\":\"fr-FR\",\"potentialAction\":[{\"@type\":\"ReadAction\",\"target\":[\"https:\/\/www.ostellosantamonaca.com\/fr\/nouvelles\/\"]}]},{\"@type\":\"BreadcrumbList\",\"@id\":\"https:\/\/www.ostellosantamonaca.com\/fr\/nouvelles\/#breadcrumb\",\"itemListElement\":[{\"@type\":\"ListItem\",\"position\":1,\"name\":\"Home\",\"item\":\"https:\/\/www.ostellosantamonaca.com\/fr\/\"},{\"@type\":\"ListItem\",\"position\":2,\"name\":\"Nouvelles\"}]},{\"@type\":\"WebSite\",\"@id\":\"https:\/\/www.ostellosantamonaca.com\/#website\",\"url\":\"https:\/\/www.ostellosantamonaca.com\/\",\"name\":\"Ostello Santa Monaca\",\"description\":\"\",\"potentialAction\":[{\"@type\":\"SearchAction\",\"target\":{\"@type\":\"EntryPoint\",\"urlTemplate\":\"https:\/\/www.ostellosantamonaca.com\/?s={search_term_string}\"},\"query-input\":{\"@type\":\"PropertyValueSpecification\",\"valueRequired\":true,\"valueName\":\"search_term_string\"}}],\"inLanguage\":\"fr-FR\"}]}<\/script>\n<!-- \/ Yoast SEO plugin. -->","yoast_head_json":{"title":"Auberge de Jeunesse Santa Monaca \u00e0 Florence - Nouvelles","description":"Les nouvelles de l'auberge de jeunesse Santa Monaca \u00e0 Florence. \u00c9v\u00e9nements, nouvelles, histoire, expositions \u00e0 et autour de Florence.","robots":{"index":"index","follow":"follow","max-snippet":"max-snippet:-1","max-image-preview":"max-image-preview:large","max-video-preview":"max-video-preview:-1"},"canonical":"https:\/\/www.ostellosantamonaca.com\/fr\/nouvelles\/","og_locale":"fr_FR","og_type":"article","og_title":"Auberge de Jeunesse Santa Monaca \u00e0 Florence - Nouvelles","og_description":"Les nouvelles de l'auberge de jeunesse Santa Monaca \u00e0 Florence. \u00c9v\u00e9nements, nouvelles, histoire, expositions \u00e0 et autour de Florence.","og_url":"https:\/\/www.ostellosantamonaca.com\/fr\/nouvelles\/","og_site_name":"Ostello Santa Monaca","article_modified_time":"2023-06-07T12:44:10+00:00","twitter_card":"summary_large_image","twitter_misc":{"Dur\u00e9e de lecture estim\u00e9e":"5 minutes"},"schema":{"@context":"https:\/\/schema.org","@graph":[{"@type":"WebPage","@id":"https:\/\/www.ostellosantamonaca.com\/fr\/nouvelles\/","url":"https:\/\/www.ostellosantamonaca.com\/fr\/nouvelles\/","name":"Auberge de Jeunesse Santa Monaca \u00e0 Florence - Nouvelles","isPartOf":{"@id":"https:\/\/www.ostellosantamonaca.com\/#website"},"datePublished":"2023-05-26T15:01:14+00:00","dateModified":"2023-06-07T12:44:10+00:00","description":"Les nouvelles de l'auberge de jeunesse Santa Monaca \u00e0 Florence. \u00c9v\u00e9nements, nouvelles, histoire, expositions \u00e0 et autour de Florence.","breadcrumb":{"@id":"https:\/\/www.ostellosantamonaca.com\/fr\/nouvelles\/#breadcrumb"},"inLanguage":"fr-FR","potentialAction":[{"@type":"ReadAction","target":["https:\/\/www.ostellosantamonaca.com\/fr\/nouvelles\/"]}]},{"@type":"BreadcrumbList","@id":"https:\/\/www.ostellosantamonaca.com\/fr\/nouvelles\/#breadcrumb","itemListElement":[{"@type":"ListItem","position":1,"name":"Home","item":"https:\/\/www.ostellosantamonaca.com\/fr\/"},{"@type":"ListItem","position":2,"name":"Nouvelles"}]},{"@type":"WebSite","@id":"https:\/\/www.ostellosantamonaca.com\/#website","url":"https:\/\/www.ostellosantamonaca.com\/","name":"Ostello Santa Monaca","description":"","potentialAction":[{"@type":"SearchAction","target":{"@type":"EntryPoint","urlTemplate":"https:\/\/www.ostellosantamonaca.com\/?s={search_term_string}"},"query-input":{"@type":"PropertyValueSpecification","valueRequired":true,"valueName":"search_term_string"}}],"inLanguage":"fr-FR"}]}},"_links":{"self":[{"href":"https:\/\/www.ostellosantamonaca.com\/fr\/wp-json\/wp\/v2\/pages\/576","targetHints":{"allow":["GET"]}}],"collection":[{"href":"https:\/\/www.ostellosantamonaca.com\/fr\/wp-json\/wp\/v2\/pages"}],"about":[{"href":"https:\/\/www.ostellosantamonaca.com\/fr\/wp-json\/wp\/v2\/types\/page"}],"author":[{"embeddable":true,"href":"https:\/\/www.ostellosantamonaca.com\/fr\/wp-json\/wp\/v2\/users\/1"}],"replies":[{"embeddable":true,"href":"https:\/\/www.ostellosantamonaca.com\/fr\/wp-json\/wp\/v2\/comments?post=576"}],"version-history":[{"count":3,"href":"https:\/\/www.ostellosantamonaca.com\/fr\/wp-json\/wp\/v2\/pages\/576\/revisions"}],"predecessor-version":[{"id":609,"href":"https:\/\/www.ostellosantamonaca.com\/fr\/wp-json\/wp\/v2\/pages\/576\/revisions\/609"}],"wp:attachment":[{"href":"https:\/\/www.ostellosantamonaca.com\/fr\/wp-json\/wp\/v2\/media?parent=576"}],"curies":[{"name":"wp","href":"https:\/\/api.w.org\/{rel}","templated":true}]}}