{"id":580,"date":"2023-05-25T17:48:38","date_gmt":"2023-05-25T15:48:38","guid":{"rendered":"https:\/\/www.ostellosantamonaca.com\/contactez\/"},"modified":"2023-06-21T17:12:30","modified_gmt":"2023-06-21T15:12:30","slug":"contactez","status":"publish","type":"page","link":"https:\/\/www.ostellosantamonaca.com\/fr\/contactez\/","title":{"rendered":"Contactez"},"content":{"rendered":"<div id='av-layout-grid-1'  class='av-layout-grid-container av-b3gn2-8073df81da510166fb121a620c4765b7 entry-content-wrapper main_color av-flex-cells  avia-builder-el-0  el_before_av_section  avia-builder-el-first   container_wrap sidebar_right'  >\n\n<style type=\"text\/css\" data-created_by=\"avia_inline_auto\" id=\"style-css-av-li3ba595-1965a8dd4957fad1ebd026ee7ecaad09\">\n.flex_cell.av-li3ba595-1965a8dd4957fad1ebd026ee7ecaad09{\nvertical-align:top;\n}\n.responsive #top #wrap_all .flex_cell.av-li3ba595-1965a8dd4957fad1ebd026ee7ecaad09{\npadding:0px 0px 0px 0px !important;\n}\n<\/style>\n<div class='flex_cell av-li3ba595-1965a8dd4957fad1ebd026ee7ecaad09 av-gridrow-cell av_one_full no_margin  avia-builder-el-1  avia-builder-el-no-sibling  av-zero-padding' ><div class='flex_cell_inner'>\n<\/div><\/div>\n<\/div>\n<div id='av_section_1'  class='avia-section av-li3bdmzl-d4f4d75720a300278860702146fc47eb main_color avia-section-small avia-no-border-styling  avia-builder-el-3  el_after_av_layout_row  el_before_av_section  avia-bg-style-scroll av-minimum-height av-minimum-height-custom av-height-custom  container_wrap sidebar_right'   data-av_minimum_height_px='210'><div class='container av-section-cont-open' style='height:210px'><div class='template-page content  av-content-small alpha units'><div class='post-entry post-entry-type-page post-entry-580'><div class='entry-content-wrapper clearfix'>\n<section  class='av_textblock_section av-li3bdgg7-3c3feef6e10c8f26f8779844daa42353 '   itemscope=\"itemscope\" itemtype=\"https:\/\/schema.org\/CreativeWork\" ><div class='avia_textblock'  itemprop=\"text\" ><h2 class=\"h2style blackcolor\" style=\"text-align: center; font-size: 37px!important; margin-top: 15px;\">Cliquez sur la <span class=\"playfont \">carte<\/span><\/h2>\n<p class=\"latofont blackcolor\" style=\"text-align: center; font-size: 25px!important;\">Pour savoir o\u00f9 nous en sommes<\/p>\n<\/div><\/section>\n\n<\/div><\/div><\/div><!-- close content main div --><\/div><\/div>\n<style type=\"text\/css\" data-created_by=\"avia_inline_auto\" id=\"style-css-av-li3csaro-f5972072457ad502438c11ff2669f460\">\n.avia-section.av-li3csaro-f5972072457ad502438c11ff2669f460{\nbackground-color:#e5e5e5;\nbackground-image:unset;\n}\n<\/style>\n<div id='av_section_2'  class='avia-section av-li3csaro-f5972072457ad502438c11ff2669f460 main_color avia-section-default avia-no-border-styling  avia-builder-el-5  el_after_av_section  avia-builder-el-last  avia-bg-style-scroll container_wrap sidebar_right'  ><div class='container av-section-cont-open' ><div class='template-page content  av-content-small alpha units'><div class='post-entry post-entry-type-page post-entry-580'><div class='entry-content-wrapper clearfix'>\n<div  class='flex_column av-bgmem-464b31515ca773ebf7559eb8c642712e av_one_third  avia-builder-el-6  el_before_av_two_third  avia-builder-el-first  first flex_column_div  '     ><section  class='av_textblock_section av-li3d4csb-e23a28b1a7ccf37258d5bc3f5dc67997 '   itemscope=\"itemscope\" itemtype=\"https:\/\/schema.org\/CreativeWork\" ><div class='avia_textblock'  itemprop=\"text\" ><p class=\"titub\" style=\"text-align: left;\">Santa Monaca Hostel<\/p>\n<p style=\"text-align: left;\">Via S. Monaca 6, Firenze<br \/>\nT\u00e9l: <a class=\"ex5\" style=\"text-decoration: none;\" href=\"tel:+39055268338\">+39 055 268338<\/a><br \/>\nT\u00e9l: <a class=\"ex5\" style=\"text-decoration: none;\" href=\"tel:+390552396704\">+39 055 2396704<\/a><br \/>\nEmail: <a class=\"ex5\" style=\"text-decoration: none;\" href=\"mailto:info@ostellosantamonaca.com\">info@ostellosantamonaca.com<\/a><\/p>\n<\/div><\/section><\/div><div  class='flex_column av-eayti-46d8645606dc00d782d17204c2277aed av_two_third  avia-builder-el-8  el_after_av_one_third  avia-builder-el-last  flex_column_div  '     ><form action=\"https:\/\/www.ostellosantamonaca.com\/fr\/contactez\/\" method=\"post\" data-fields-with-error=\"Found errors in the following field(s):\" class=\"avia_ajax_form av-form-labels-hidden   avia-builder-el-9  avia-builder-el-no-sibling   \" data-avia-form-id=\"1\" data-avia-redirect='' ><fieldset><p class='  first_form  form_element form_fullwidth' id='element_avia_1_1'><label for=\"avia_1_1\">Pr\u00e9nom <abbr class=\"required\" title=\"requis(e)\">*<\/abbr><\/label> <input name=\"avia_1_1\" class=\"text_input is_empty\" type=\"text\" id=\"avia_1_1\" value=\"\"  placeholder='Pr\u00e9nom*'\/><\/p><p class='  first_form  form_element form_fullwidth' id='element_avia_2_1'><label for=\"avia_2_1\">E-Mail <abbr class=\"required\" title=\"requis(e)\">*<\/abbr><\/label> <input name=\"avia_2_1\" class=\"text_input is_email\" type=\"text\" id=\"avia_2_1\" value=\"\"  placeholder='E-Mail*'\/><\/p><p class='  first_form  form_element form_fullwidth' id='element_avia_3_1'><label for=\"avia_3_1\">Objet <abbr class=\"required\" title=\"requis(e)\">*<\/abbr><\/label> <input name=\"avia_3_1\" class=\"text_input is_empty\" type=\"text\" id=\"avia_3_1\" value=\"\"  placeholder='Objet*'\/><\/p><p class='  first_form  form_element form_fullwidth' id='element_avia_4_1'><label for=\"avia_4_1\" class=\"textare_label hidden textare_label_avia_4_1\">Message <abbr class=\"required\" title=\"requis(e)\">*<\/abbr><\/label><textarea  placeholder='Message*' name=\"avia_4_1\" class=\"text_area is_empty\" cols=\"40\" rows=\"7\" id=\"avia_4_1\" ><\/textarea><\/p><p class=\"hidden\"><input type=\"text\" name=\"avia_5_1\" class=\"hidden \" id=\"avia_5_1\" value=\"\" \/><\/p><div id='avia_6_1' class='av-recaptcha-area  first_form  form_element form_fullwidth av-last-visible-form-element '  data-container_class=\"\" data-custom_class=\"\" data-context=\"av_contact_form\" data-token_input=\"av_recaptcha_token\" data-version=\"avia_recaptcha_v2\" data-theme=\"light\" data-size=\"normal\" data-score=\"0.5\" data-text_to_preview=\"\" data-value=\"\"><div class=\"av-google-badge-message hidden\">Ce site est prot\u00e9g\u00e9 par reCAPTCHA et la <a href=\"https:\/\/policies.google.com\/privacy\">politique de confidentialit\u00e9<\/a> de Google et <a href=\"https:\/\/policies.google.com\/terms\">leur conditions d\u2019utilisation<\/a> s\u2019appliquent.<\/div><\/div><p class=' av_form_privacy_check av_contact_privacy_check first_form  form_element form_fullwidth' id='element_avia_7_1'><input  name=\"avia_7_1\" class=\"input_checkbox is_empty\" type=\"checkbox\" id=\"avia_7_1\" value=\"true\"\/><label class=\"input_checkbox_label\" for=\"avia_7_1\">J'ACCEPTE LE TRAITEMENT DES DONN\u00c9ES PERSONNELLES CONFORM\u00c9MENT AU REG. N\u00b0 UE 2016\/679 <abbr class=\"required\" title=\"requis(e)\">*<\/abbr><\/label><\/p><p class=\"form_element \"><input type=\"hidden\" value=\"1\" name=\"avia_generated_form1\" \/><input type=\"submit\" value=\"Envoyer\" class=\"button\"  data-sending-label=\"Envoi\"\/><\/p><\/fieldset><div class=\"avia-disabled-form\">Ce formulaire est d\u00e9sactiv\u00e9 dans la mesure o\u00f9 vous refusez d\u2019accepter le service Google reCAPTCHA n\u00e9cessaire pour valider toute exp\u00e9dition de message depuis celui-ci.<\/div><\/form><div id=\"ajaxresponse_1\" class=\"ajaxresponse ajaxresponse_1 hidden\"><\/div><\/div><\/div><\/div><\/div><!-- close content main div --><\/div><\/div><div id='after_section_2'  class='main_color av_default_container_wrap container_wrap sidebar_right'  ><div class='container av-section-cont-open' ><div class='template-page content  av-content-small alpha units'><div class='post-entry post-entry-type-page post-entry-580'><div class='entry-content-wrapper clearfix'>\n","protected":false},"excerpt":{"rendered":"","protected":false},"author":1,"featured_media":0,"parent":0,"menu_order":0,"comment_status":"closed","ping_status":"closed","template":"","meta":{"footnotes":""},"class_list":["post-580","page","type-page","status-publish","hentry"],"yoast_head":"<!-- This site is optimized with the Yoast SEO plugin v26.6 - https:\/\/yoast.com\/wordpress\/plugins\/seo\/ -->\n<title>Auberge Santa Monaca centre historique de Florence<\/title>\n<meta name=\"description\" content=\"L&#039;Auberge Santa Monaca se trouve dans le centre de Florence, dans un ancien couvent. Pas chers pour les voyageurs individuels et groupes.\" \/>\n<meta name=\"robots\" content=\"index, follow, max-snippet:-1, max-image-preview:large, max-video-preview:-1\" \/>\n<link rel=\"canonical\" href=\"https:\/\/www.ostellosantamonaca.com\/fr\/contactez\/\" \/>\n<meta property=\"og:locale\" content=\"fr_FR\" \/>\n<meta property=\"og:type\" content=\"article\" \/>\n<meta property=\"og:title\" content=\"Auberge Santa Monaca centre historique de Florence\" \/>\n<meta property=\"og:description\" content=\"L&#039;Auberge Santa Monaca se trouve dans le centre de Florence, dans un ancien couvent. Pas chers pour les voyageurs individuels et groupes.\" \/>\n<meta property=\"og:url\" content=\"https:\/\/www.ostellosantamonaca.com\/fr\/contactez\/\" \/>\n<meta property=\"og:site_name\" content=\"Ostello Santa Monaca\" \/>\n<meta property=\"article:modified_time\" content=\"2023-06-21T15:12:30+00:00\" \/>\n<meta name=\"twitter:card\" content=\"summary_large_image\" \/>\n<meta name=\"twitter:label1\" content=\"Dur\u00e9e de lecture estim\u00e9e\" \/>\n\t<meta name=\"twitter:data1\" content=\"4 minutes\" \/>\n<script type=\"application\/ld+json\" class=\"yoast-schema-graph\">{\"@context\":\"https:\/\/schema.org\",\"@graph\":[{\"@type\":\"WebPage\",\"@id\":\"https:\/\/www.ostellosantamonaca.com\/fr\/contactez\/\",\"url\":\"https:\/\/www.ostellosantamonaca.com\/fr\/contactez\/\",\"name\":\"Auberge Santa Monaca centre historique de Florence\",\"isPartOf\":{\"@id\":\"https:\/\/www.ostellosantamonaca.com\/#website\"},\"datePublished\":\"2023-05-25T15:48:38+00:00\",\"dateModified\":\"2023-06-21T15:12:30+00:00\",\"description\":\"L'Auberge Santa Monaca se trouve dans le centre de Florence, dans un ancien couvent. Pas chers pour les voyageurs individuels et groupes.\",\"breadcrumb\":{\"@id\":\"https:\/\/www.ostellosantamonaca.com\/fr\/contactez\/#breadcrumb\"},\"inLanguage\":\"fr-FR\",\"potentialAction\":[{\"@type\":\"ReadAction\",\"target\":[\"https:\/\/www.ostellosantamonaca.com\/fr\/contactez\/\"]}]},{\"@type\":\"BreadcrumbList\",\"@id\":\"https:\/\/www.ostellosantamonaca.com\/fr\/contactez\/#breadcrumb\",\"itemListElement\":[{\"@type\":\"ListItem\",\"position\":1,\"name\":\"Home\",\"item\":\"https:\/\/www.ostellosantamonaca.com\/fr\/\"},{\"@type\":\"ListItem\",\"position\":2,\"name\":\"Contactez\"}]},{\"@type\":\"WebSite\",\"@id\":\"https:\/\/www.ostellosantamonaca.com\/#website\",\"url\":\"https:\/\/www.ostellosantamonaca.com\/\",\"name\":\"Ostello Santa Monaca\",\"description\":\"\",\"potentialAction\":[{\"@type\":\"SearchAction\",\"target\":{\"@type\":\"EntryPoint\",\"urlTemplate\":\"https:\/\/www.ostellosantamonaca.com\/?s={search_term_string}\"},\"query-input\":{\"@type\":\"PropertyValueSpecification\",\"valueRequired\":true,\"valueName\":\"search_term_string\"}}],\"inLanguage\":\"fr-FR\"}]}<\/script>\n<!-- \/ Yoast SEO plugin. -->","yoast_head_json":{"title":"Auberge Santa Monaca centre historique de Florence","description":"L'Auberge Santa Monaca se trouve dans le centre de Florence, dans un ancien couvent. Pas chers pour les voyageurs individuels et groupes.","robots":{"index":"index","follow":"follow","max-snippet":"max-snippet:-1","max-image-preview":"max-image-preview:large","max-video-preview":"max-video-preview:-1"},"canonical":"https:\/\/www.ostellosantamonaca.com\/fr\/contactez\/","og_locale":"fr_FR","og_type":"article","og_title":"Auberge Santa Monaca centre historique de Florence","og_description":"L'Auberge Santa Monaca se trouve dans le centre de Florence, dans un ancien couvent. Pas chers pour les voyageurs individuels et groupes.","og_url":"https:\/\/www.ostellosantamonaca.com\/fr\/contactez\/","og_site_name":"Ostello Santa Monaca","article_modified_time":"2023-06-21T15:12:30+00:00","twitter_card":"summary_large_image","twitter_misc":{"Dur\u00e9e de lecture estim\u00e9e":"4 minutes"},"schema":{"@context":"https:\/\/schema.org","@graph":[{"@type":"WebPage","@id":"https:\/\/www.ostellosantamonaca.com\/fr\/contactez\/","url":"https:\/\/www.ostellosantamonaca.com\/fr\/contactez\/","name":"Auberge Santa Monaca centre historique de Florence","isPartOf":{"@id":"https:\/\/www.ostellosantamonaca.com\/#website"},"datePublished":"2023-05-25T15:48:38+00:00","dateModified":"2023-06-21T15:12:30+00:00","description":"L'Auberge Santa Monaca se trouve dans le centre de Florence, dans un ancien couvent. Pas chers pour les voyageurs individuels et groupes.","breadcrumb":{"@id":"https:\/\/www.ostellosantamonaca.com\/fr\/contactez\/#breadcrumb"},"inLanguage":"fr-FR","potentialAction":[{"@type":"ReadAction","target":["https:\/\/www.ostellosantamonaca.com\/fr\/contactez\/"]}]},{"@type":"BreadcrumbList","@id":"https:\/\/www.ostellosantamonaca.com\/fr\/contactez\/#breadcrumb","itemListElement":[{"@type":"ListItem","position":1,"name":"Home","item":"https:\/\/www.ostellosantamonaca.com\/fr\/"},{"@type":"ListItem","position":2,"name":"Contactez"}]},{"@type":"WebSite","@id":"https:\/\/www.ostellosantamonaca.com\/#website","url":"https:\/\/www.ostellosantamonaca.com\/","name":"Ostello Santa Monaca","description":"","potentialAction":[{"@type":"SearchAction","target":{"@type":"EntryPoint","urlTemplate":"https:\/\/www.ostellosantamonaca.com\/?s={search_term_string}"},"query-input":{"@type":"PropertyValueSpecification","valueRequired":true,"valueName":"search_term_string"}}],"inLanguage":"fr-FR"}]}},"_links":{"self":[{"href":"https:\/\/www.ostellosantamonaca.com\/fr\/wp-json\/wp\/v2\/pages\/580","targetHints":{"allow":["GET"]}}],"collection":[{"href":"https:\/\/www.ostellosantamonaca.com\/fr\/wp-json\/wp\/v2\/pages"}],"about":[{"href":"https:\/\/www.ostellosantamonaca.com\/fr\/wp-json\/wp\/v2\/types\/page"}],"author":[{"embeddable":true,"href":"https:\/\/www.ostellosantamonaca.com\/fr\/wp-json\/wp\/v2\/users\/1"}],"replies":[{"embeddable":true,"href":"https:\/\/www.ostellosantamonaca.com\/fr\/wp-json\/wp\/v2\/comments?post=580"}],"version-history":[{"count":5,"href":"https:\/\/www.ostellosantamonaca.com\/fr\/wp-json\/wp\/v2\/pages\/580\/revisions"}],"predecessor-version":[{"id":689,"href":"https:\/\/www.ostellosantamonaca.com\/fr\/wp-json\/wp\/v2\/pages\/580\/revisions\/689"}],"wp:attachment":[{"href":"https:\/\/www.ostellosantamonaca.com\/fr\/wp-json\/wp\/v2\/media?parent=580"}],"curies":[{"name":"wp","href":"https:\/\/api.w.org\/{rel}","templated":true}]}}