{"id":784,"date":"2024-02-15T17:14:09","date_gmt":"2024-02-15T16:14:09","guid":{"rendered":"https:\/\/www.ostellosantamonaca.com\/?page_id=784"},"modified":"2024-02-23T11:33:54","modified_gmt":"2024-02-23T10:33:54","slug":"histoire-auberge-florence","status":"publish","type":"page","link":"https:\/\/www.ostellosantamonaca.com\/fr\/histoire-auberge-florence\/","title":{"rendered":"A propos de nous"},"content":{"rendered":"<div id='layer_slider_1'  class='avia-layerslider main_color avia-shadow  avia-builder-el-0  el_before_av_layerslider  avia-builder-el-first  container_wrap sidebar_right'  style='height: 351px; max-width: 1280px; margin: 0 auto;'  ><\/div>\n<div id='layer_slider_2'  class='avia-layerslider main_color avia-shadow  avia-builder-el-1  el_after_av_layerslider  el_before_av_section  slider-not-first container_wrap sidebar_right'  style='height: 501px; max-width: 900px; margin: 0 auto;'  ><\/div>\n\n<style type=\"text\/css\" data-created_by=\"avia_inline_auto\" id=\"style-css-av-li1p9now-b36bf19be8d2f3a2a760321993a5ff8c\">\n.avia-section.av-li1p9now-b36bf19be8d2f3a2a760321993a5ff8c{\nbackground-repeat:no-repeat;\nbackground-image:url(https:\/\/www.ostellosantamonaca.com\/wp-content\/uploads\/2023\/05\/00000016.jpg);\nbackground-position:50% 50%;\nbackground-attachment:scroll;\n}\n.avia-section.av-li1p9now-b36bf19be8d2f3a2a760321993a5ff8c .av-section-color-overlay{\nopacity:0.8;\nbackground-color:#01549ECF;\n}\n<\/style>\n<div id='desktop'  class='avia-section av-li1p9now-b36bf19be8d2f3a2a760321993a5ff8c main_color avia-section-small avia-no-border-styling  avia-builder-el-2  el_after_av_layerslider  el_before_av_section  av-small-hide av-mini-hide avia-full-stretch avia-bg-style-scroll av-section-color-overlay-active av-minimum-height av-minimum-height-custom av-height-custom  container_wrap sidebar_right'  data-section-bg-repeat='stretch' data-av_minimum_height_px='310'><div class=\"av-section-color-overlay-wrap\"><div class=\"av-section-color-overlay\"><\/div><div class='container av-section-cont-open' style='height:310px'><div class='template-page content  av-content-small alpha units'><div class='post-entry post-entry-type-page post-entry-784'><div class='entry-content-wrapper clearfix'>\n<section  class='av_textblock_section av-7q4go-c5401c8240571391c63def9a337cea73 '   itemscope=\"itemscope\" itemtype=\"https:\/\/schema.org\/CreativeWork\" ><div class='avia_textblock'  itemprop=\"text\" ><h2 class=\"h2style whitecolor\" style=\"text-align: center; font-size: 32px!important;\">Histoire et curiosit\u00e9s de l&#8217;auberge de Florence<\/h2>\n<p class=\"latofont whitecolor\" style=\"text-align: center; font-size: 25px!important;\">Auberge \u00e9conomique au centre de Florence<\/p>\n<\/div><\/section>\n\n<\/div><\/div><\/div><!-- close content main div --><\/div><\/div><\/div>\n<style type=\"text\/css\" data-created_by=\"avia_inline_auto\" id=\"style-css-av-libxeo9x-778506bf6230f874b1656fe0af010918\">\n.avia-section.av-libxeo9x-778506bf6230f874b1656fe0af010918{\nbackground-repeat:no-repeat;\nbackground-image:url(https:\/\/www.ostellosantamonaca.com\/wp-content\/uploads\/2023\/05\/00000016.jpg);\nbackground-position:50% 50%;\nbackground-attachment:scroll;\n}\n.avia-section.av-libxeo9x-778506bf6230f874b1656fe0af010918 .av-section-color-overlay{\nopacity:0.8;\nbackground-color:#01549ECF;\n}\n<\/style>\n<div id='responsive'  class='avia-section av-libxeo9x-778506bf6230f874b1656fe0af010918 main_color avia-section-no-padding avia-no-border-styling  avia-builder-el-4  el_after_av_section  el_before_av_section  av-desktop-hide av-medium-hide avia-full-stretch avia-bg-style-scroll av-section-color-overlay-active av-minimum-height av-minimum-height-custom av-height-custom  container_wrap sidebar_right'  data-section-bg-repeat='stretch' data-av_minimum_height_px='250'><div class=\"av-section-color-overlay-wrap\"><div class=\"av-section-color-overlay\"><\/div><div class='container av-section-cont-open' style='height:250px'><div class='template-page content  av-content-small alpha units'><div class='post-entry post-entry-type-page post-entry-784'><div class='entry-content-wrapper clearfix'>\n<section  class='av_textblock_section av-3ou0-16cec53da9700b5925ac937d222cdfe9 '   itemscope=\"itemscope\" itemtype=\"https:\/\/schema.org\/CreativeWork\" ><div class='avia_textblock'  itemprop=\"text\" ><h2 class=\"h2style whitecolor\" style=\"text-align: center; font-size: 32px!important;\">A propos de nous<\/h2>\n<p class=\"latofont whitecolor\" style=\"text-align: center; font-size: 25px!important;\">D\u00e9couvrez notre histoire et qui nous sommes<\/p>\n<\/div><\/section>\n\n<\/div><\/div><\/div><!-- close content main div --><\/div><\/div><\/div><div id='storia'  class='avia-section av-auppc-adcaefa40f12f3131fde290c8d073a95 main_color avia-section-small avia-no-border-styling  avia-builder-el-6  el_after_av_section  avia-builder-el-last  avia-bg-style-scroll container_wrap sidebar_right'  ><div class='container av-section-cont-open' ><div class='template-page content  av-content-small alpha units'><div class='post-entry post-entry-type-page post-entry-784'><div class='entry-content-wrapper clearfix'>\n<div  class='flex_column av-g0kag-a949f9317c3d62542d8cb91ffd63dccd av_three_fourth  avia-builder-el-7  avia-builder-el-no-sibling  first flex_column_div  '     ><section  class='av_textblock_section av-li623aee-2b1a27ed9efefaeb0b46d4773b8fa38c '   itemscope=\"itemscope\" itemtype=\"https:\/\/schema.org\/CreativeWork\" ><div class='avia_textblock'  itemprop=\"text\" ><h1>L&#8217;HISTOIRE DE L&#8217;AUBERGE SANTA MONACA \u00c0 FLORENCE<\/h1>\n<p>L&#8217;<a href=\"https:\/\/www.ostellosantamonaca.com\/fr\/auberge-florence\/\">auberge Santa Monaca<\/a>, situ\u00e9e au c\u0153ur de <strong>Florence<\/strong>, a une histoire riche et fascinante qui remonte au XVe si\u00e8cle.<\/p>\n<h3>Les origines en tant que couvent :<\/h3>\n<p>En 1400, le b\u00e2timent \u00e9tait connu sous le nom de &#8220;l&#8217;Albergaccio&#8221; et appartenait au florentin Baldassarre Bonsi.<\/p>\n<p>En 1442, Ubertino de Bardi le transforma en un couvent pour l&#8217;ordre augustinien de Santa Monica.<\/p>\n<p>Le <strong>couvent<\/strong> prosp\u00e9ra pendant des si\u00e8cles, devenant un centre religieux et culturel important.<\/p>\n<h3>Les vicissitudes des XIXe et XXe si\u00e8cles :<\/h3>\n<p>En 1808, lors des suppressions napol\u00e9oniennes, le couvent fut confisqu\u00e9 et transform\u00e9 en caserne militaire.<\/p>\n<p>En 1944, pendant la Seconde Guerre mondiale, le b\u00e2timent fut endommag\u00e9 par les bombardements.<\/p>\n<p>En 1966, l&#8217;inondation de Florence d\u00e9vasta le complexe, le rendant inutilisable.<\/p>\n<h3>La renaissance en tant qu&#8217;auberge :<\/h3>\n<p>En 1972, gr\u00e2ce \u00e0 l&#8217;engagement de l&#8217;AGESCI (Association des scouts catholiques italiens), le b\u00e2timent fut r\u00e9nov\u00e9 et inaugur\u00e9 en tant qu&#8217;auberge. Depuis lors, l&#8217;<strong>auberge Santa Monaca<\/strong> a accueilli des milliers de voyageurs du monde entier, leur offrant un accueil chaleureux et une atmosph\u00e8re unique.<\/p>\n<h3>L&#8217;auberge aujourd&#8217;hui :<\/h3>\n<p>L&#8217;<a href=\"https:\/\/www.ostellosantamonaca.com\/fr\/\">auberge Santa Monaca<\/a> est aujourd&#8217;hui une<strong> structure moderne et fonctionnelle, \u00e9quip\u00e9e de chambres priv\u00e9es et de dortoirs<\/strong>, d&#8217;une cuisine commune, d&#8217;une salle de t\u00e9l\u00e9vision, d&#8217;un jardin et d&#8217;une terrasse panoramique.<\/p>\n<p>L&#8217;auberge propose \u00e9galement une large gamme de services, notamment une connexion <strong>Wi-Fi gratuite,<\/strong> une laverie, la location de v\u00e9los et l&#8217;organisation d&#8217;activit\u00e9s et d&#8217;excursions.<\/p>\n<p>L&#8217;<strong>auberge Santa Monaca<\/strong> est un choix id\u00e9al pour ceux qui souhaitent s\u00e9journer \u00e0 Florence de <strong>mani\u00e8re \u00e9conomique et confortable<\/strong>, en s&#8217;immergeant dans l&#8217;histoire et la culture de la ville.<\/p>\n<h3>Anecdotes :<\/h3>\n<p>L&#8217;auberge abrite une collection d&#8217;\u0153uvres d&#8217;art sacr\u00e9, dont une toile repr\u00e9sentant Santa Monica du peintre florentin Giovanni Battista Vanni.<\/p>\n<p>Dans le jardin de l&#8217;auberge se trouve un puits ancien datant du XVe si\u00e8cle. L&#8217;<strong>auberge Santa Monaca<\/strong> est un lieu sp\u00e9cial o\u00f9 l&#8217;histoire, la culture et l&#8217;hospitalit\u00e9 se rencontrent pour rendre votre s\u00e9jour \u00e0 Florence inoubliable.<\/p>\n<\/div><\/section><\/div><\/div><\/div><\/div><!-- close content main div --><\/div><\/div><div id='after_section_3'  class='main_color av_default_container_wrap container_wrap sidebar_right'  ><div class='container av-section-cont-open' ><div class='template-page content  av-content-small alpha units'><div class='post-entry post-entry-type-page post-entry-784'><div class='entry-content-wrapper clearfix'>\n","protected":false},"excerpt":{"rendered":"","protected":false},"author":4,"featured_media":0,"parent":0,"menu_order":0,"comment_status":"closed","ping_status":"closed","template":"","meta":{"footnotes":""},"class_list":["post-784","page","type-page","status-publish","hentry"],"yoast_head":"<!-- This site is optimized with the Yoast SEO plugin v26.6 - https:\/\/yoast.com\/wordpress\/plugins\/seo\/ -->\n<title>Auberge Santa Monaca Florence - Auberge de jeunesse<\/title>\n<meta name=\"description\" content=\"L&#039;Auberge Santa Monaca offres un h\u00e9bergement pas chers et accueillant pour les voyageurs individuels, \u00e9tudiants, familles et groupes.\" \/>\n<meta name=\"robots\" content=\"index, follow, max-snippet:-1, max-image-preview:large, max-video-preview:-1\" \/>\n<link rel=\"canonical\" href=\"https:\/\/www.ostellosantamonaca.com\/fr\/a-propos-de-nous\/\" \/>\n<meta property=\"og:locale\" content=\"fr_FR\" \/>\n<meta property=\"og:type\" content=\"article\" \/>\n<meta property=\"og:title\" content=\"Auberge Santa Monaca Florence - Auberge de jeunesse\" \/>\n<meta property=\"og:description\" content=\"L&#039;Auberge Santa Monaca offres un h\u00e9bergement pas chers et accueillant pour les voyageurs individuels, \u00e9tudiants, familles et groupes.\" \/>\n<meta property=\"og:url\" content=\"https:\/\/www.ostellosantamonaca.com\/fr\/a-propos-de-nous\/\" \/>\n<meta property=\"og:site_name\" content=\"Ostello Santa Monaca\" \/>\n<meta property=\"article:modified_time\" content=\"2024-02-23T10:33:54+00:00\" \/>\n<meta name=\"twitter:card\" content=\"summary_large_image\" \/>\n<meta name=\"twitter:label1\" content=\"Dur\u00e9e de lecture estim\u00e9e\" \/>\n\t<meta name=\"twitter:data1\" content=\"3 minutes\" \/>\n<script type=\"application\/ld+json\" class=\"yoast-schema-graph\">{\"@context\":\"https:\/\/schema.org\",\"@graph\":[{\"@type\":\"WebPage\",\"@id\":\"https:\/\/www.ostellosantamonaca.com\/fr\/histoire-auberge-florence\/\",\"url\":\"https:\/\/www.ostellosantamonaca.com\/fr\/a-propos-de-nous\/\",\"name\":\"Auberge Santa Monaca Florence - Auberge de jeunesse\",\"isPartOf\":{\"@id\":\"https:\/\/www.ostellosantamonaca.com\/#website\"},\"datePublished\":\"2024-02-15T16:14:09+00:00\",\"dateModified\":\"2024-02-23T10:33:54+00:00\",\"description\":\"L'Auberge Santa Monaca offres un h\u00e9bergement pas chers et accueillant pour les voyageurs individuels, \u00e9tudiants, familles et groupes.\",\"breadcrumb\":{\"@id\":\"https:\/\/www.ostellosantamonaca.com\/fr\/a-propos-de-nous\/#breadcrumb\"},\"inLanguage\":\"fr-FR\",\"potentialAction\":[{\"@type\":\"ReadAction\",\"target\":[\"https:\/\/www.ostellosantamonaca.com\/fr\/a-propos-de-nous\/\"]}]},{\"@type\":\"BreadcrumbList\",\"@id\":\"https:\/\/www.ostellosantamonaca.com\/fr\/a-propos-de-nous\/#breadcrumb\",\"itemListElement\":[{\"@type\":\"ListItem\",\"position\":1,\"name\":\"Home\",\"item\":\"https:\/\/www.ostellosantamonaca.com\/fr\/\"},{\"@type\":\"ListItem\",\"position\":2,\"name\":\"A propos de nous\"}]},{\"@type\":\"WebSite\",\"@id\":\"https:\/\/www.ostellosantamonaca.com\/#website\",\"url\":\"https:\/\/www.ostellosantamonaca.com\/\",\"name\":\"Ostello Santa Monaca\",\"description\":\"\",\"potentialAction\":[{\"@type\":\"SearchAction\",\"target\":{\"@type\":\"EntryPoint\",\"urlTemplate\":\"https:\/\/www.ostellosantamonaca.com\/?s={search_term_string}\"},\"query-input\":{\"@type\":\"PropertyValueSpecification\",\"valueRequired\":true,\"valueName\":\"search_term_string\"}}],\"inLanguage\":\"fr-FR\"}]}<\/script>\n<!-- \/ Yoast SEO plugin. -->","yoast_head_json":{"title":"Auberge Santa Monaca Florence - Auberge de jeunesse","description":"L'Auberge Santa Monaca offres un h\u00e9bergement pas chers et accueillant pour les voyageurs individuels, \u00e9tudiants, familles et groupes.","robots":{"index":"index","follow":"follow","max-snippet":"max-snippet:-1","max-image-preview":"max-image-preview:large","max-video-preview":"max-video-preview:-1"},"canonical":"https:\/\/www.ostellosantamonaca.com\/fr\/a-propos-de-nous\/","og_locale":"fr_FR","og_type":"article","og_title":"Auberge Santa Monaca Florence - Auberge de jeunesse","og_description":"L'Auberge Santa Monaca offres un h\u00e9bergement pas chers et accueillant pour les voyageurs individuels, \u00e9tudiants, familles et groupes.","og_url":"https:\/\/www.ostellosantamonaca.com\/fr\/a-propos-de-nous\/","og_site_name":"Ostello Santa Monaca","article_modified_time":"2024-02-23T10:33:54+00:00","twitter_card":"summary_large_image","twitter_misc":{"Dur\u00e9e de lecture estim\u00e9e":"3 minutes"},"schema":{"@context":"https:\/\/schema.org","@graph":[{"@type":"WebPage","@id":"https:\/\/www.ostellosantamonaca.com\/fr\/histoire-auberge-florence\/","url":"https:\/\/www.ostellosantamonaca.com\/fr\/a-propos-de-nous\/","name":"Auberge Santa Monaca Florence - Auberge de jeunesse","isPartOf":{"@id":"https:\/\/www.ostellosantamonaca.com\/#website"},"datePublished":"2024-02-15T16:14:09+00:00","dateModified":"2024-02-23T10:33:54+00:00","description":"L'Auberge Santa Monaca offres un h\u00e9bergement pas chers et accueillant pour les voyageurs individuels, \u00e9tudiants, familles et groupes.","breadcrumb":{"@id":"https:\/\/www.ostellosantamonaca.com\/fr\/a-propos-de-nous\/#breadcrumb"},"inLanguage":"fr-FR","potentialAction":[{"@type":"ReadAction","target":["https:\/\/www.ostellosantamonaca.com\/fr\/a-propos-de-nous\/"]}]},{"@type":"BreadcrumbList","@id":"https:\/\/www.ostellosantamonaca.com\/fr\/a-propos-de-nous\/#breadcrumb","itemListElement":[{"@type":"ListItem","position":1,"name":"Home","item":"https:\/\/www.ostellosantamonaca.com\/fr\/"},{"@type":"ListItem","position":2,"name":"A propos de nous"}]},{"@type":"WebSite","@id":"https:\/\/www.ostellosantamonaca.com\/#website","url":"https:\/\/www.ostellosantamonaca.com\/","name":"Ostello Santa Monaca","description":"","potentialAction":[{"@type":"SearchAction","target":{"@type":"EntryPoint","urlTemplate":"https:\/\/www.ostellosantamonaca.com\/?s={search_term_string}"},"query-input":{"@type":"PropertyValueSpecification","valueRequired":true,"valueName":"search_term_string"}}],"inLanguage":"fr-FR"}]}},"_links":{"self":[{"href":"https:\/\/www.ostellosantamonaca.com\/fr\/wp-json\/wp\/v2\/pages\/784","targetHints":{"allow":["GET"]}}],"collection":[{"href":"https:\/\/www.ostellosantamonaca.com\/fr\/wp-json\/wp\/v2\/pages"}],"about":[{"href":"https:\/\/www.ostellosantamonaca.com\/fr\/wp-json\/wp\/v2\/types\/page"}],"author":[{"embeddable":true,"href":"https:\/\/www.ostellosantamonaca.com\/fr\/wp-json\/wp\/v2\/users\/4"}],"replies":[{"embeddable":true,"href":"https:\/\/www.ostellosantamonaca.com\/fr\/wp-json\/wp\/v2\/comments?post=784"}],"version-history":[{"count":6,"href":"https:\/\/www.ostellosantamonaca.com\/fr\/wp-json\/wp\/v2\/pages\/784\/revisions"}],"predecessor-version":[{"id":807,"href":"https:\/\/www.ostellosantamonaca.com\/fr\/wp-json\/wp\/v2\/pages\/784\/revisions\/807"}],"wp:attachment":[{"href":"https:\/\/www.ostellosantamonaca.com\/fr\/wp-json\/wp\/v2\/media?parent=784"}],"curies":[{"name":"wp","href":"https:\/\/api.w.org\/{rel}","templated":true}]}}